{"id":653,"date":"2022-02-16T09:46:36","date_gmt":"2022-02-16T08:46:36","guid":{"rendered":"https:\/\/m-one-ny.com\/?page_id=653"},"modified":"2023-05-16T16:04:28","modified_gmt":"2023-05-16T14:04:28","slug":"impressum","status":"publish","type":"page","link":"https:\/\/m-one-ny.com\/de\/impressum\/","title":{"rendered":"Impressum"},"content":{"rendered":"\t\t<div data-elementor-type=\"wp-page\" data-elementor-id=\"653\" class=\"elementor elementor-653\" data-elementor-post-type=\"page\">\n\t\t\t\t\t\t\t\t\t<section class=\"elementor-section elementor-top-section elementor-element elementor-element-a297357 elementor-section-boxed elementor-section-height-default elementor-section-height-default\" data-id=\"a297357\" data-element_type=\"section\" data-settings=\"{&quot;background_background&quot;:&quot;classic&quot;}\">\n\t\t\t\t\t\t<div class=\"elementor-container elementor-column-gap-default\">\n\t\t\t\t\t<div class=\"elementor-column elementor-col-100 elementor-top-column elementor-element elementor-element-e4dad45\" data-id=\"e4dad45\" data-element_type=\"column\">\n\t\t\t<div class=\"elementor-widget-wrap elementor-element-populated\">\n\t\t\t\t\t\t\t\t<div class=\"elementor-element elementor-element-acb6572 elementor-widget elementor-widget-text-editor\" data-id=\"acb6572\" data-element_type=\"widget\" data-widget_type=\"text-editor.default\">\n\t\t\t\t<div class=\"elementor-widget-container\">\n\t\t\t\t\t\t\t<p>Impressum<\/p>\t\t\t\t\t\t<\/div>\n\t\t\t\t<\/div>\n\t\t\t\t<div class=\"elementor-element elementor-element-06ce586 elementor-widget elementor-widget-text-editor\" data-id=\"06ce586\" data-element_type=\"widget\" data-widget_type=\"text-editor.default\">\n\t\t\t\t<div class=\"elementor-widget-container\">\n\t\t\t\t\t\t\tAngaben gem\u00e4\u00df \u00a7 5 TMG:\t\t\t\t\t\t<\/div>\n\t\t\t\t<\/div>\n\t\t\t\t<div class=\"elementor-element elementor-element-5942770 elementor-widget elementor-widget-text-editor\" data-id=\"5942770\" data-element_type=\"widget\" data-widget_type=\"text-editor.default\">\n\t\t\t\t<div class=\"elementor-widget-container\">\n\t\t\t\t\t\t\t<p>M One Event &amp; Catering GmbH<br \/>Johannes-Rau-Allee 13<br \/>45889 Gelsenkirchen<\/p>\t\t\t\t\t\t<\/div>\n\t\t\t\t<\/div>\n\t\t\t\t<div class=\"elementor-element elementor-element-d52e5e3 elementor-widget elementor-widget-text-editor\" data-id=\"d52e5e3\" data-element_type=\"widget\" data-widget_type=\"text-editor.default\">\n\t\t\t\t<div class=\"elementor-widget-container\">\n\t\t\t\t\t\t\t<p>Telefon: 02 09 \/ 70279 \u2013 0<br \/>Telefax: 02 09 \/ 70279 \u2013 151<\/p>\t\t\t\t\t\t<\/div>\n\t\t\t\t<\/div>\n\t\t\t\t<div class=\"elementor-element elementor-element-a91ccd5 elementor-widget elementor-widget-text-editor\" data-id=\"a91ccd5\" data-element_type=\"widget\" data-widget_type=\"text-editor.default\">\n\t\t\t\t<div class=\"elementor-widget-container\">\n\t\t\t\t\t\t\t<p>info@m-one.club<br \/>www.m-one.club<\/p>\t\t\t\t\t\t<\/div>\n\t\t\t\t<\/div>\n\t\t\t\t<div class=\"elementor-element elementor-element-4b7b426 elementor-widget elementor-widget-text-editor\" data-id=\"4b7b426\" data-element_type=\"widget\" data-widget_type=\"text-editor.default\">\n\t\t\t\t<div class=\"elementor-widget-container\">\n\t\t\t\t\t\t\t<p>Gesch\u00e4ftsf\u00fchrung:<br \/>Dominik Mosbacher<\/p>\t\t\t\t\t\t<\/div>\n\t\t\t\t<\/div>\n\t\t\t\t<div class=\"elementor-element elementor-element-347501e link-dunkel elementor-widget elementor-widget-text-editor\" data-id=\"347501e\" data-element_type=\"widget\" data-widget_type=\"text-editor.default\">\n\t\t\t\t<div class=\"elementor-widget-container\">\n\t\t\t\t\t\t\t<p>Registergericht: Amtsgericht Gelsenkirchen<br \/>Registernummer: HRB 14776<\/p>\t\t\t\t\t\t<\/div>\n\t\t\t\t<\/div>\n\t\t\t\t<div class=\"elementor-element elementor-element-8d64de7 link-dunkel elementor-widget elementor-widget-text-editor\" data-id=\"8d64de7\" data-element_type=\"widget\" data-widget_type=\"text-editor.default\">\n\t\t\t\t<div class=\"elementor-widget-container\">\n\t\t\t\t\t\t\t<p>F\u00fcr den Inhalt verantwortlich gem\u00e4\u00df \u00a7 6 MDStV:<br \/>Dominik Mosbacher<\/p>\t\t\t\t\t\t<\/div>\n\t\t\t\t<\/div>\n\t\t\t\t<div class=\"elementor-element elementor-element-58d51f5 link-dunkel elementor-widget elementor-widget-text-editor\" data-id=\"58d51f5\" data-element_type=\"widget\" data-widget_type=\"text-editor.default\">\n\t\t\t\t<div class=\"elementor-widget-container\">\n\t\t\t\t\t\t\t<p>Quellenangaben f\u00fcr die verwendeten Bilder und Grafiken:<br \/>\u00a9x<\/p>\t\t\t\t\t\t<\/div>\n\t\t\t\t<\/div>\n\t\t\t\t\t<\/div>\n\t\t<\/div>\n\t\t\t\t\t\t\t<\/div>\n\t\t<\/section>\n\t\t\t\t\t\t\t<\/div>\n\t\t","protected":false},"excerpt":{"rendered":"<p>Impressum Angaben gem\u00e4\u00df \u00a7 5 TMG: M One Event &amp; Catering GmbHJohannes-Rau-Allee 1345889 Gelsenkirchen Telefon: 02 09 \/ 70279 \u2013 0Telefax: 02 09 \/ 70279 \u2013 151 info@m-one.clubwww.m-one.club Gesch\u00e4ftsf\u00fchrung:Dominik Mosbacher Registergericht: Amtsgericht GelsenkirchenRegisternummer: HRB 14776 F\u00fcr den Inhalt verantwortlich gem\u00e4\u00df \u00a7 6 MDStV:Dominik Mosbacher Quellenangaben f\u00fcr die verwendeten Bilder und Grafiken:\u00a9x<\/p>\n","protected":false},"author":1,"featured_media":0,"parent":0,"menu_order":0,"comment_status":"closed","ping_status":"closed","template":"","meta":{"footnotes":""},"yoast_head":"<!-- This site is optimized with the Yoast SEO plugin v22.3 - https:\/\/yoast.com\/wordpress\/plugins\/seo\/ -->\n<title>Impressum | M ONE Barkultur &amp; Clubbing<\/title>\n<meta name=\"robots\" content=\"index, follow, max-snippet:-1, max-image-preview:large, max-video-preview:-1\" \/>\n<link rel=\"canonical\" href=\"https:\/\/m-one-ny.com\/de\/impressum\/\" \/>\n<meta property=\"og:locale\" content=\"de_DE\" \/>\n<meta property=\"og:type\" content=\"article\" \/>\n<meta property=\"og:title\" content=\"Impressum | M ONE Barkultur &amp; Clubbing\" \/>\n<meta property=\"og:description\" content=\"Impressum Angaben gem\u00e4\u00df \u00a7 5 TMG: M One Event &amp; Catering GmbHJohannes-Rau-Allee 1345889 Gelsenkirchen Telefon: 02 09 \/ 70279 \u2013 0Telefax: 02 09 \/ 70279 \u2013 151 info@m-one.clubwww.m-one.club Gesch\u00e4ftsf\u00fchrung:Dominik Mosbacher Registergericht: Amtsgericht GelsenkirchenRegisternummer: HRB 14776 F\u00fcr den Inhalt verantwortlich gem\u00e4\u00df \u00a7 6 MDStV:Dominik Mosbacher Quellenangaben f\u00fcr die verwendeten Bilder und Grafiken:\u00a9x\" \/>\n<meta property=\"og:url\" content=\"https:\/\/m-one-ny.com\/de\/impressum\/\" \/>\n<meta property=\"og:site_name\" content=\"M ONE New York\" \/>\n<meta property=\"article:modified_time\" content=\"2023-05-16T14:04:28+00:00\" \/>\n<meta property=\"og:image\" content=\"https:\/\/m-one-ny.com\/wp-content\/uploads\/MOne_Gallery_02-1.jpg\" \/>\n\t<meta property=\"og:image:width\" content=\"452\" \/>\n\t<meta property=\"og:image:height\" content=\"514\" \/>\n\t<meta property=\"og:image:type\" content=\"image\/jpeg\" \/>\n<meta name=\"twitter:card\" content=\"summary_large_image\" \/>\n<meta name=\"twitter:label1\" content=\"Gesch\u00e4tzte Lesezeit\" \/>\n\t<meta name=\"twitter:data1\" content=\"1\u00a0Minute\" \/>\n<script type=\"application\/ld+json\" class=\"yoast-schema-graph\">{\"@context\":\"https:\/\/schema.org\",\"@graph\":[{\"@type\":\"WebPage\",\"@id\":\"https:\/\/m-one-ny.com\/de\/impressum\/\",\"url\":\"https:\/\/m-one-ny.com\/de\/impressum\/\",\"name\":\"Impressum | M ONE Barkultur & Clubbing\",\"isPartOf\":{\"@id\":\"https:\/\/m-one-ny.com\/de\/#website\"},\"datePublished\":\"2022-02-16T08:46:36+00:00\",\"dateModified\":\"2023-05-16T14:04:28+00:00\",\"breadcrumb\":{\"@id\":\"https:\/\/m-one-ny.com\/de\/impressum\/#breadcrumb\"},\"inLanguage\":\"de\",\"potentialAction\":[{\"@type\":\"ReadAction\",\"target\":[\"https:\/\/m-one-ny.com\/de\/impressum\/\"]}]},{\"@type\":\"BreadcrumbList\",\"@id\":\"https:\/\/m-one-ny.com\/de\/impressum\/#breadcrumb\",\"itemListElement\":[{\"@type\":\"ListItem\",\"position\":1,\"name\":\"Startseite\",\"item\":\"https:\/\/m-one-ny.com\/de\/startseite\/\"},{\"@type\":\"ListItem\",\"position\":2,\"name\":\"Impressum\"}]},{\"@type\":\"WebSite\",\"@id\":\"https:\/\/m-one-ny.com\/de\/#website\",\"url\":\"https:\/\/m-one-ny.com\/de\/\",\"name\":\"M ONE New York\",\"description\":\"Barkultur &amp; Clubbing\",\"publisher\":{\"@id\":\"https:\/\/m-one-ny.com\/de\/#organization\"},\"potentialAction\":[{\"@type\":\"SearchAction\",\"target\":{\"@type\":\"EntryPoint\",\"urlTemplate\":\"https:\/\/m-one-ny.com\/de\/?s={search_term_string}\"},\"query-input\":\"required name=search_term_string\"}],\"inLanguage\":\"de\"},{\"@type\":\"Organization\",\"@id\":\"https:\/\/m-one-ny.com\/de\/#organization\",\"name\":\"M ONE Worldwide\",\"url\":\"https:\/\/m-one-ny.com\/de\/\",\"logo\":{\"@type\":\"ImageObject\",\"inLanguage\":\"de\",\"@id\":\"https:\/\/m-one-ny.com\/de\/#\/schema\/logo\/image\/\",\"url\":\"https:\/\/m-one-ny.com\/wp-content\/uploads\/logo-landingpage-bronze.png\",\"contentUrl\":\"https:\/\/m-one-ny.com\/wp-content\/uploads\/logo-landingpage-bronze.png\",\"width\":500,\"height\":500,\"caption\":\"M ONE Worldwide\"},\"image\":{\"@id\":\"https:\/\/m-one-ny.com\/de\/#\/schema\/logo\/image\/\"}}]}<\/script>\n<!-- \/ Yoast SEO plugin. -->","yoast_head_json":{"title":"Impressum | M ONE Barkultur & Clubbing","robots":{"index":"index","follow":"follow","max-snippet":"max-snippet:-1","max-image-preview":"max-image-preview:large","max-video-preview":"max-video-preview:-1"},"canonical":"https:\/\/m-one-ny.com\/de\/impressum\/","og_locale":"de_DE","og_type":"article","og_title":"Impressum | M ONE Barkultur & Clubbing","og_description":"Impressum Angaben gem\u00e4\u00df \u00a7 5 TMG: M One Event &amp; Catering GmbHJohannes-Rau-Allee 1345889 Gelsenkirchen Telefon: 02 09 \/ 70279 \u2013 0Telefax: 02 09 \/ 70279 \u2013 151 info@m-one.clubwww.m-one.club Gesch\u00e4ftsf\u00fchrung:Dominik Mosbacher Registergericht: Amtsgericht GelsenkirchenRegisternummer: HRB 14776 F\u00fcr den Inhalt verantwortlich gem\u00e4\u00df \u00a7 6 MDStV:Dominik Mosbacher Quellenangaben f\u00fcr die verwendeten Bilder und Grafiken:\u00a9x","og_url":"https:\/\/m-one-ny.com\/de\/impressum\/","og_site_name":"M ONE New York","article_modified_time":"2023-05-16T14:04:28+00:00","og_image":[{"width":452,"height":514,"url":"https:\/\/m-one-ny.com\/wp-content\/uploads\/MOne_Gallery_02-1.jpg","type":"image\/jpeg"}],"twitter_card":"summary_large_image","twitter_misc":{"Gesch\u00e4tzte Lesezeit":"1\u00a0Minute"},"schema":{"@context":"https:\/\/schema.org","@graph":[{"@type":"WebPage","@id":"https:\/\/m-one-ny.com\/de\/impressum\/","url":"https:\/\/m-one-ny.com\/de\/impressum\/","name":"Impressum | M ONE Barkultur & Clubbing","isPartOf":{"@id":"https:\/\/m-one-ny.com\/de\/#website"},"datePublished":"2022-02-16T08:46:36+00:00","dateModified":"2023-05-16T14:04:28+00:00","breadcrumb":{"@id":"https:\/\/m-one-ny.com\/de\/impressum\/#breadcrumb"},"inLanguage":"de","potentialAction":[{"@type":"ReadAction","target":["https:\/\/m-one-ny.com\/de\/impressum\/"]}]},{"@type":"BreadcrumbList","@id":"https:\/\/m-one-ny.com\/de\/impressum\/#breadcrumb","itemListElement":[{"@type":"ListItem","position":1,"name":"Startseite","item":"https:\/\/m-one-ny.com\/de\/startseite\/"},{"@type":"ListItem","position":2,"name":"Impressum"}]},{"@type":"WebSite","@id":"https:\/\/m-one-ny.com\/de\/#website","url":"https:\/\/m-one-ny.com\/de\/","name":"M ONE New York","description":"Barkultur &amp; Clubbing","publisher":{"@id":"https:\/\/m-one-ny.com\/de\/#organization"},"potentialAction":[{"@type":"SearchAction","target":{"@type":"EntryPoint","urlTemplate":"https:\/\/m-one-ny.com\/de\/?s={search_term_string}"},"query-input":"required name=search_term_string"}],"inLanguage":"de"},{"@type":"Organization","@id":"https:\/\/m-one-ny.com\/de\/#organization","name":"M ONE Worldwide","url":"https:\/\/m-one-ny.com\/de\/","logo":{"@type":"ImageObject","inLanguage":"de","@id":"https:\/\/m-one-ny.com\/de\/#\/schema\/logo\/image\/","url":"https:\/\/m-one-ny.com\/wp-content\/uploads\/logo-landingpage-bronze.png","contentUrl":"https:\/\/m-one-ny.com\/wp-content\/uploads\/logo-landingpage-bronze.png","width":500,"height":500,"caption":"M ONE Worldwide"},"image":{"@id":"https:\/\/m-one-ny.com\/de\/#\/schema\/logo\/image\/"}}]}},"_links":{"self":[{"href":"https:\/\/m-one-ny.com\/de\/wp-json\/wp\/v2\/pages\/653"}],"collection":[{"href":"https:\/\/m-one-ny.com\/de\/wp-json\/wp\/v2\/pages"}],"about":[{"href":"https:\/\/m-one-ny.com\/de\/wp-json\/wp\/v2\/types\/page"}],"author":[{"embeddable":true,"href":"https:\/\/m-one-ny.com\/de\/wp-json\/wp\/v2\/users\/1"}],"replies":[{"embeddable":true,"href":"https:\/\/m-one-ny.com\/de\/wp-json\/wp\/v2\/comments?post=653"}],"version-history":[{"count":18,"href":"https:\/\/m-one-ny.com\/de\/wp-json\/wp\/v2\/pages\/653\/revisions"}],"predecessor-version":[{"id":7100,"href":"https:\/\/m-one-ny.com\/de\/wp-json\/wp\/v2\/pages\/653\/revisions\/7100"}],"wp:attachment":[{"href":"https:\/\/m-one-ny.com\/de\/wp-json\/wp\/v2\/media?parent=653"}],"curies":[{"name":"wp","href":"https:\/\/api.w.org\/{rel}","templated":true}]}}